{"id":9067,"date":"2020-11-13T12:50:02","date_gmt":"2020-11-13T09:50:02","guid":{"rendered":"http:\/\/mersinekonomipolitikagazetesi.com\/?page_id=9067"},"modified":"2023-01-12T13:03:49","modified_gmt":"2023-01-12T10:03:49","slug":"kunye","status":"publish","type":"page","link":"https:\/\/mersinekonomipolitikagazetesi.com\/?page_id=9067","title":{"rendered":"K\u00fcnye"},"content":{"rendered":"<p>&nbsp;<\/p>\n<div dir=\"ltr\">\n<div dir=\"ltr\">\n<div dir=\"ltr\">\n<div dir=\"ltr\">\n<div dir=\"ltr\">\n<div dir=\"ltr\">\n<div dir=\"ltr\">\n<div dir=\"ltr\">\n<div dir=\"ltr\">\n<div dir=\"ltr\">\n<div dir=\"ltr\">\n<div dir=\"ltr\">\n<div dir=\"auto\"><a href=\"http:\/\/www.xn--mersingazetesi-p6hj.com\/\" target=\"_blank\" rel=\"noopener noreferrer\" data-link-id=\"1\">WWW.MERS\u0130NEKONOM\u0130POL\u0130T\u0130KAGAZETES\u0130.COM<\/a> \u0130NTERNET HABER S\u0130TES\u0130<\/p>\n<div dir=\"auto\">\u00a0<\/div>\n<div dir=\"auto\">G\u00dcNL\u00dcK S\u00dcREL\u0130 YAYIN<\/div>\n<div dir=\"auto\">\u00a0<\/div>\n<div dir=\"auto\">Yay\u0131n Tarihi: 01.01.2005<\/div>\n<div dir=\"auto\">\u00a0<\/div>\n<div dir=\"auto\">Kurucusu:<\/div>\n<div dir=\"auto\">\u00a0<\/div>\n<div dir=\"auto\">Selahiddin AKKU\u015e<\/div>\n<div dir=\"auto\">\u00a0<\/div>\n<div dir=\"auto\">Yay\u0131n Sahibi<\/div>\n<div dir=\"auto\">\u00a0<\/div>\n<div dir=\"auto\">Selahiddin AKKU\u015e<\/div>\n<div dir=\"auto\">\u00a0<\/div>\n<div dir=\"auto\">UETS &#8211; E-TEBL\u0130GAT ADRES\u0130: <span class=\"wmi-callto\">15995 &#8211; 99387 &#8211; 40843<\/span><\/div>\n<div dir=\"auto\">\u00a0<\/div>\n<div dir=\"auto\"><a href=\"mailto:mersin@mersingazetesi.com\" target=\"_blank\" rel=\"noopener noreferrer\">mersin@mersingazetesi.com<\/a><\/div>\n<div dir=\"auto\">\u00a0<\/div>\n<div dir=\"auto\"><span class=\"wmi-callto\">05322161448<\/span><\/div>\n<div dir=\"auto\">\u00a0<\/div>\n<div dir=\"auto\">Genel Yay\u0131n Y\u00f6netmeni \/ Selahiddin AKKU\u015e<\/div>\n<div dir=\"auto\">\u00a0<\/div>\n<div dir=\"auto\"><a href=\"mailto:akkusselahiddin@hotmail.com\" target=\"_blank\" rel=\"noopener noreferrer\">akkusselahiddin@hotmail.com<\/a><\/div>\n<div dir=\"auto\">\u00a0<\/div>\n<div dir=\"auto\">Sorumlu Yaz\u0131 \u0130\u015fleri M\u00fcd\u00fcr\u00fc<\/div>\n<div dir=\"auto\">\u00a0<\/div>\n<div dir=\"auto\">Selahiddin AKKU\u015e<\/div>\n<div dir=\"auto\">\u00a0<\/div>\n<div dir=\"auto\"><a href=\"mailto:akkusselahiddin@hotmail.com\" target=\"_blank\" rel=\"noopener noreferrer\">akkusselahiddin@hotmail.com<\/a><\/div>\n<div dir=\"auto\">\u00a0<\/div>\n<div dir=\"auto\"><span class=\"wmi-callto\">05322161448<\/span><\/div>\n<div dir=\"auto\">\u00a0<\/div>\n<div dir=\"auto\">Temsilci Edit\u00f6r<\/div>\n<div dir=\"auto\">\u00a0<\/div>\n<div dir=\"auto\">Bilal BAKIRD\u00d6VEN\u00a0<\/div>\n<div dir=\"auto\">\u00a0<\/div>\n<div dir=\"auto\"><a href=\"mailto:bilomanirvp33@gmail.com\" target=\"_blank\" rel=\"noopener noreferrer\">bilomanirvp33@gmail.com<\/a><\/div>\n<div dir=\"auto\">\u00a0<\/div>\n<div dir=\"auto\"><span class=\"wmi-callto\">05386644972<\/span><\/div>\n<div dir=\"auto\">\u00a0<\/div>\n<div dir=\"auto\">Adres: <a href=\"http:\/\/www.mersingazetesi.com\/\" target=\"_blank\" rel=\"noopener noreferrer\" data-link-id=\"2\">www.mersinekonomipolitikagazetesi.com<\/a><\/div>\n<div dir=\"auto\">\u00a0<\/div>\n<div dir=\"auto\">Bah\u00e7e Mh. 4602 Sk. Hamle Apt. K:3\u00a0<\/div>\n<div dir=\"auto\">Akdeniz\/MERS\u0130N<\/div>\n<div dir=\"auto\">\u00a0<\/div>\n<div dir=\"auto\">Telefon: <span class=\"wmi-callto\">0324 2374001<\/span><\/div>\n<div dir=\"auto\">\u00a0<\/div>\n<div dir=\"auto\">Mail Adresi: <a href=\"mailto:mersin@mersingazetesi.com\" target=\"_blank\" rel=\"noopener noreferrer\">mersin@mersingazetesi.com<\/a><\/div>\n<\/div>\n<\/div>\n<\/div>\n<\/div>\n<\/div>\n<\/div>\n<\/div>\n<\/div>\n<\/div>\n<\/div>\n<\/div>\n<\/div>\n<\/div>\n","protected":false},"excerpt":{"rendered":"<p>&nbsp; WWW.MERS\u0130NEKONOM\u0130POL\u0130T\u0130KAGAZETES\u0130.COM \u0130NTERNET HABER S\u0130TES\u0130 \u00a0 G\u00dcNL\u00dcK S\u00dcREL\u0130 YAYIN \u00a0 Yay\u0131n Tarihi: 01.01.2005 \u00a0 Kurucusu: \u00a0 Selahiddin AKKU\u015e \u00a0 Yay\u0131n Sahibi \u00a0 Selahiddin AKKU\u015e \u00a0 UETS &#8211; E-TEBL\u0130GAT ADRES\u0130: 15995 &hellip; <a href=\"https:\/\/mersinekonomipolitikagazetesi.com\/?page_id=9067\" class=\"more-link\">Devam\u0131n\u0131 Oku&#8230;<\/a><\/p>\n","protected":false},"author":1,"featured_media":0,"parent":0,"menu_order":0,"comment_status":"closed","ping_status":"closed","template":"","meta":[],"_links":{"self":[{"href":"https:\/\/mersinekonomipolitikagazetesi.com\/index.php?rest_route=\/wp\/v2\/pages\/9067"}],"collection":[{"href":"https:\/\/mersinekonomipolitikagazetesi.com\/index.php?rest_route=\/wp\/v2\/pages"}],"about":[{"href":"https:\/\/mersinekonomipolitikagazetesi.com\/index.php?rest_route=\/wp\/v2\/types\/page"}],"author":[{"embeddable":true,"href":"https:\/\/mersinekonomipolitikagazetesi.com\/index.php?rest_route=\/wp\/v2\/users\/1"}],"replies":[{"embeddable":true,"href":"https:\/\/mersinekonomipolitikagazetesi.com\/index.php?rest_route=%2Fwp%2Fv2%2Fcomments&post=9067"}],"version-history":[{"count":5,"href":"https:\/\/mersinekonomipolitikagazetesi.com\/index.php?rest_route=\/wp\/v2\/pages\/9067\/revisions"}],"predecessor-version":[{"id":22913,"href":"https:\/\/mersinekonomipolitikagazetesi.com\/index.php?rest_route=\/wp\/v2\/pages\/9067\/revisions\/22913"}],"wp:attachment":[{"href":"https:\/\/mersinekonomipolitikagazetesi.com\/index.php?rest_route=%2Fwp%2Fv2%2Fmedia&parent=9067"}],"curies":[{"name":"wp","href":"https:\/\/api.w.org\/{rel}","templated":true}]}}